{"id":6,"date":"2020-12-16T08:26:25","date_gmt":"2020-12-16T08:26:25","guid":{"rendered":"https:\/\/fidu.aau.dk\/?page_id=6"},"modified":"2026-04-13T08:29:10","modified_gmt":"2026-04-13T08:29:10","slug":"om-fidu","status":"publish","type":"page","link":"https:\/\/fidu.aau.dk\/?page_id=6","title":{"rendered":"Om FiDU"},"content":{"rendered":"\n<p><strong>Baggrund<\/strong><br>Forskning i Dialogisk Undervisning (FiDU) er et forskningsnetv\u00e6rk dannet ud fra et \u00f8nske om at unders\u00f8ge og forske i dialogiske aspekter af undervisning. Det g\u00e6lder b\u00e5de forskellige dialogiske former for undervisning og l\u00e6ring, s\u00e5vel som forskellige dialogiske m\u00e5der at deltage p\u00e5, udvikle nye forst\u00e5elser og dannes igennem undervisning. Samtidig kan dialogisk undervisning foreg\u00e5 i mange forskellige dom\u00e6ner gennem en bred vifte af medier og modaliteter, der b\u00e5de kan skabe nye muligheder s\u00e5vel som udfordringer for at fremme dialog. Der er s\u00e5ledes behov for videre udforskning af, hvordan dialogisk undervisning udfolder sig gennem konkrete konfigurationer af tid, rum og deltagere, der kan belyses ud fra forskellige videnskabelige perspektiver.<\/p>\n\n\n\n<p><strong>Form\u00e5l<\/strong><br>Hovedform\u00e5let med FiDU er at unders\u00f8ge forskningsperspektiver og fremme samarbejde mellem forskere i Danmark, der arbejder med afs\u00e6t i forskning i dialogisk undervisning p\u00e5 tv\u00e6rs forskellige former for uddannelse og undervisning. Netv\u00e6rket s\u00f8ger at fremme forskning gennem m\u00f8der og udveksling af id\u00e9er og viden om dialogisk undervisning ved at tr\u00e6kke p\u00e5 en r\u00e6kke forskellige videnskabelige felter som f.eks. didaktik (b\u00e5de almen didaktik og fagdidaktik), sprogvidenskab, psykologi, filosofi, idehistorie, sociologi, \u00e6stetik og l\u00e6ringsteknologi. M\u00e5let er s\u00e5ledes at fremme forskning i dialogisk undervisning gennem \u00e5bne diskussioner, tv\u00e6rdisciplin\u00e6rt samarbejde og udbredelse af medlemmernes arbejde.<\/p>\n\n\n\n<p><strong>Aktiviteter<\/strong><br>Hovedaktiviteterne i FiDU best\u00e5r i at:<\/p>\n\n\n\n<ul class=\"wp-block-list\">\n<li>Bringe forskere sammen ved to \u00e5rlige forskningsseminarer for at pr\u00e6sentere og diskutere forskning i dialogisk undervisning<\/li>\n\n\n\n<li>Udarbejde og udbrede publikationer om forskning i dialogisk undervisning<\/li>\n<\/ul>\n\n\n\n<p><strong>Medlemmer<\/strong><br>FiDU er et \u00e5bent og gratis netv\u00e6rk for alle, der forsker i eller arbejder med forskning i relation til dialogisk undervisning.<\/p>\n\n\n\n<p><strong>Koordinering<\/strong><br>Forskningsnetv\u00e6rket koordineres i samarbejde mellem <\/p>\n\n\n\n<ul class=\"wp-block-list\">\n<li>Thorkild Hangh\u00f8j, Aalborg Universitet<\/li>\n\n\n\n<li>Tina H\u00f8egh, Syddansk Universitet<\/li>\n\n\n\n<li>Jonatan Kolding Karn\u00f8e, Aalborg Universitet\/Professionsh\u00f8jskolen Absalon<\/li>\n<\/ul>\n\n\n\n<p><\/p>\n","protected":false},"excerpt":{"rendered":"<p>BaggrundForskning i Dialogisk Undervisning (FiDU) er et forskningsnetv\u00e6rk dannet ud fra et \u00f8nske om at unders\u00f8ge og forske i dialogiske aspekter af undervisning. Det g\u00e6lder b\u00e5de forskellige dialogiske former for undervisning og l\u00e6ring, s\u00e5vel som forskellige dialogiske m\u00e5der at deltage p\u00e5, udvikle nye forst\u00e5elser og dannes igennem undervisning. Samtidig kan dialogisk undervisning foreg\u00e5 i mange [&hellip;]<\/p>\n","protected":false},"author":1,"featured_media":0,"parent":0,"menu_order":0,"comment_status":"closed","ping_status":"closed","template":"","meta":{"footnotes":""},"class_list":["post-6","page","type-page","status-publish","hentry"],"_links":{"self":[{"href":"https:\/\/fidu.aau.dk\/index.php?rest_route=\/wp\/v2\/pages\/6","targetHints":{"allow":["GET"]}}],"collection":[{"href":"https:\/\/fidu.aau.dk\/index.php?rest_route=\/wp\/v2\/pages"}],"about":[{"href":"https:\/\/fidu.aau.dk\/index.php?rest_route=\/wp\/v2\/types\/page"}],"author":[{"embeddable":true,"href":"https:\/\/fidu.aau.dk\/index.php?rest_route=\/wp\/v2\/users\/1"}],"replies":[{"embeddable":true,"href":"https:\/\/fidu.aau.dk\/index.php?rest_route=%2Fwp%2Fv2%2Fcomments&post=6"}],"version-history":[{"count":5,"href":"https:\/\/fidu.aau.dk\/index.php?rest_route=\/wp\/v2\/pages\/6\/revisions"}],"predecessor-version":[{"id":86,"href":"https:\/\/fidu.aau.dk\/index.php?rest_route=\/wp\/v2\/pages\/6\/revisions\/86"}],"wp:attachment":[{"href":"https:\/\/fidu.aau.dk\/index.php?rest_route=%2Fwp%2Fv2%2Fmedia&parent=6"}],"curies":[{"name":"wp","href":"https:\/\/api.w.org\/{rel}","templated":true}]}}