{"id":2,"date":"2020-12-15T15:15:54","date_gmt":"2020-12-15T15:15:54","guid":{"rendered":"https:\/\/fidu.aau.dk\/?page_id=2"},"modified":"2026-04-13T09:15:19","modified_gmt":"2026-04-13T09:15:19","slug":"sample-page","status":"publish","type":"page","link":"https:\/\/fidu.aau.dk\/?page_id=2","title":{"rendered":"Medlemmer"},"content":{"rendered":"\n<p>Alfabetisk oversigt over medlemmerne af FiDU. Du kan blive medlem af FiDU, hvis du arbejder med afs\u00e6t i forskning i eller genererer forskningsbaseret viden om dialogisk undervisning.<\/p>\n\n\n\n<p>Anders Simmelki\u00e6r Laraignou, DPU\/KP<br>Anne Bang-Larsen, SDU<br>Anni Nielsen, SDU<br>Astrid Marie M\u00f8ller Danielsen, UCL<br>Bente Meyer, AAU<br>Bent Sortk\u00e6r, DPU<br>Birgitte Henningsen, AAU<br>Birgitte Lund Nielsen, VIA<br>Caroline Schaffalitzky, SDU<br>Celine Rigmor Louise Ferot, UCL<br>Charlotte Folkmann Reusch, AU<br>Charlotte Krog Skott, KP<br>Charlotte \u00d8hrstr\u00f8m, KP<br>Christina Maria Secher Schmidt, KP<br>C\u00e6cilie Ketil Hejl, SDU\/UCL<br>Dorthe Carlsen, UC Syd<br>Erik Ottar Jensen, AAU\/KP<br>Eva Dam Christensen, UC Syd<br>Francesco Caviglia, AU<br>Gorm Larsen, AAU<br>Heidi Hautopp, AAU<br>Helle Alr\u00f8, AAU<br>Henrik Madsen, UCN<br>Jamshid Gholamian, UCL<br>Jeppe Bundsgaard, AU<br>Jesper Bruun, KU<br>Jonatan Kolding Karn\u00f8e, AAU\/Absalon<br>Jonas Henau Teglbj\u00e6rg, SDU<br>Jonas McAlpine, Selvst\u00e6ndig<br>Julie Marie Isager, SDU<br>Kim Holflod, KP<br>Kirsten Lundgaard Kolstrup, KP<br>Kristiane Hauer, KP<br>Lars Birch Andreasen, AAU<br>Lea Lund, UCL<br>Lene Illum Skov, UC Syd<br>Lene Kofoed Rasmussen, Absalon<br>Lene Krogsgaard Svarstad, KP<br>Louise Nabe-Nielsen, Rum for Undren<br>Louise Rosendal Bang, AAU<br>Louise Molb\u00e6k, KP<br>L\u00e6rke Groth, VIA<br>Marie Dahl Rasmussen, KP<br>Marie Neergaard, Gymnastikefterskolen Stevns<br>Max Ipsen, UC Syd<br>Ole L\u00f8w, Selvst\u00e6ndig<br>Ove Christensen, KP<br>Per Fib\u00e6k Laursen, AU<br>Preben O. Kirkegaard, UCN<br>Randi Skovbjerg Sarp, Absalon<br>Rikke Christoffersen, UC Syd<br>Simon Skov Fougt, AU<br>Stine Ejsing-Duun, AAU<br>S\u00f8ren Sindberg Jensen, SDU<br>Thorkild Hangh\u00f8j, AAU<br>Tina H\u00f8egh, SDU<br>Ulla H\u00f8jmark Jensen, Absalon<\/p>\n\n\n\n<p><\/p>\n","protected":false},"excerpt":{"rendered":"<p>Alfabetisk oversigt over medlemmerne af FiDU. Du kan blive medlem af FiDU, hvis du arbejder med afs\u00e6t i forskning i eller genererer forskningsbaseret viden om dialogisk undervisning. Anders Simmelki\u00e6r Laraignou, DPU\/KPAnne Bang-Larsen, SDUAnni Nielsen, SDUAstrid Marie M\u00f8ller Danielsen, UCLBente Meyer, AAUBent Sortk\u00e6r, DPUBirgitte Henningsen, AAUBirgitte Lund Nielsen, VIACaroline Schaffalitzky, SDUCeline Rigmor Louise Ferot, UCLCharlotte Folkmann [&hellip;]<\/p>\n","protected":false},"author":1,"featured_media":0,"parent":0,"menu_order":0,"comment_status":"closed","ping_status":"open","template":"","meta":{"footnotes":""},"class_list":["post-2","page","type-page","status-publish","hentry"],"_links":{"self":[{"href":"https:\/\/fidu.aau.dk\/index.php?rest_route=\/wp\/v2\/pages\/2","targetHints":{"allow":["GET"]}}],"collection":[{"href":"https:\/\/fidu.aau.dk\/index.php?rest_route=\/wp\/v2\/pages"}],"about":[{"href":"https:\/\/fidu.aau.dk\/index.php?rest_route=\/wp\/v2\/types\/page"}],"author":[{"embeddable":true,"href":"https:\/\/fidu.aau.dk\/index.php?rest_route=\/wp\/v2\/users\/1"}],"replies":[{"embeddable":true,"href":"https:\/\/fidu.aau.dk\/index.php?rest_route=%2Fwp%2Fv2%2Fcomments&post=2"}],"version-history":[{"count":15,"href":"https:\/\/fidu.aau.dk\/index.php?rest_route=\/wp\/v2\/pages\/2\/revisions"}],"predecessor-version":[{"id":90,"href":"https:\/\/fidu.aau.dk\/index.php?rest_route=\/wp\/v2\/pages\/2\/revisions\/90"}],"wp:attachment":[{"href":"https:\/\/fidu.aau.dk\/index.php?rest_route=%2Fwp%2Fv2%2Fmedia&parent=2"}],"curies":[{"name":"wp","href":"https:\/\/api.w.org\/{rel}","templated":true}]}}